{"id":151,"date":"2021-02-21T21:14:57","date_gmt":"2021-02-21T20:14:57","guid":{"rendered":"https:\/\/asilonidolabarchettadicarta.it\/?page_id=151"},"modified":"2021-10-19T11:47:30","modified_gmt":"2021-10-19T09:47:30","slug":"i-nostri-spazi","status":"publish","type":"page","link":"https:\/\/asilonidolabarchettadicarta.it\/index.php\/home\/i-nostri-spazi\/","title":{"rendered":"I Nostri Spazi"},"content":{"rendered":"\t\t<div data-elementor-type=\"wp-page\" data-elementor-id=\"151\" class=\"elementor elementor-151\" data-elementor-post-type=\"page\">\n\t\t\t\t\t\t<section class=\"elementor-section elementor-top-section elementor-element elementor-element-4fe4030b elementor-section-height-min-height elementor-section-content-middle elementor-section-boxed elementor-section-height-default elementor-section-items-middle\" data-id=\"4fe4030b\" data-element_type=\"section\">\n\t\t\t\t\t\t<div class=\"elementor-container elementor-column-gap-default\">\n\t\t\t\t\t<div class=\"elementor-column elementor-col-33 elementor-top-column elementor-element elementor-element-4a98a696\" data-id=\"4a98a696\" data-element_type=\"column\">\n\t\t\t<div class=\"elementor-widget-wrap elementor-element-populated\">\n\t\t\t\t\t\t<div class=\"elementor-element elementor-element-6454fa80 elementor-widget elementor-widget-image\" data-id=\"6454fa80\" data-element_type=\"widget\" data-widget_type=\"image.default\">\n\t\t\t\t<div class=\"elementor-widget-container\">\n\t\t\t\t\t\t\t\t\t\t\t\t\t<img fetchpriority=\"high\" decoding=\"async\" width=\"309\" height=\"163\" src=\"https:\/\/asilonidolabarchettadicarta.it\/wp-content\/uploads\/2019\/10\/Sfondo.png\" class=\"attachment-medium_large size-medium_large wp-image-42\" alt=\"\" srcset=\"https:\/\/asilonidolabarchettadicarta.it\/wp-content\/uploads\/2019\/10\/Sfondo.png 309w, https:\/\/asilonidolabarchettadicarta.it\/wp-content\/uploads\/2019\/10\/Sfondo-300x158.png 300w\" sizes=\"(max-width: 34.9rem) calc(100vw - 2rem), (max-width: 53rem) calc(8 * (100vw \/ 12)), (min-width: 53rem) calc(6 * (100vw \/ 12)), 100vw\" \/>\t\t\t\t\t\t\t\t\t\t\t\t\t<\/div>\n\t\t\t\t<\/div>\n\t\t\t\t\t<\/div>\n\t\t<\/div>\n\t\t\t\t<div class=\"elementor-column elementor-col-33 elementor-top-column elementor-element elementor-element-70ec111e\" data-id=\"70ec111e\" data-element_type=\"column\">\n\t\t\t<div class=\"elementor-widget-wrap elementor-element-populated\">\n\t\t\t\t\t\t<div class=\"elementor-element elementor-element-3fd8ef1f elementor-nav-menu__align-center elementor-nav-menu--dropdown-tablet elementor-nav-menu__text-align-aside elementor-nav-menu--toggle elementor-nav-menu--burger elementor-widget elementor-widget-nav-menu\" data-id=\"3fd8ef1f\" data-element_type=\"widget\" data-settings=\"{&quot;layout&quot;:&quot;horizontal&quot;,&quot;submenu_icon&quot;:{&quot;value&quot;:&quot;&lt;i class=\\&quot;fas fa-caret-down\\&quot;&gt;&lt;\\\/i&gt;&quot;,&quot;library&quot;:&quot;fa-solid&quot;},&quot;toggle&quot;:&quot;burger&quot;}\" data-widget_type=\"nav-menu.default\">\n\t\t\t\t<div class=\"elementor-widget-container\">\n\t\t\t\t\t\t<nav aria-label=\"Menu\" class=\"elementor-nav-menu--main elementor-nav-menu__container elementor-nav-menu--layout-horizontal e--pointer-underline e--animation-fade\">\n\t\t\t\t<ul id=\"menu-1-3fd8ef1f\" class=\"elementor-nav-menu\"><li class=\"menu-item menu-item-type-post_type menu-item-object-page menu-item-home menu-item-94\"><a href=\"https:\/\/asilonidolabarchettadicarta.it\/\" class=\"elementor-item\">Home<\/a><\/li>\n<li class=\"menu-item menu-item-type-post_type menu-item-object-page menu-item-104\"><a href=\"https:\/\/asilonidolabarchettadicarta.it\/index.php\/home\/i-nostri-laboratori\/\" class=\"elementor-item\">I Nostri Laboratori<\/a><\/li>\n<li class=\"menu-item menu-item-type-post_type menu-item-object-page menu-item-105\"><a href=\"https:\/\/asilonidolabarchettadicarta.it\/index.php\/home\/operatrici\/\" class=\"elementor-item\">Operatrici<\/a><\/li>\n<li class=\"menu-item menu-item-type-post_type menu-item-object-page menu-item-139\"><a href=\"https:\/\/asilonidolabarchettadicarta.it\/index.php\/home\/alimentazione\/\" class=\"elementor-item\">Alimentazione<\/a><\/li>\n<li class=\"menu-item menu-item-type-post_type menu-item-object-page menu-item-178\"><a href=\"https:\/\/asilonidolabarchettadicarta.it\/index.php\/home\/i-nostri-spazi\/\" class=\"elementor-item\">I Nostri Spazi<\/a><\/li>\n<li class=\"menu-item menu-item-type-post_type menu-item-object-page menu-item-220\"><a href=\"https:\/\/asilonidolabarchettadicarta.it\/index.php\/home\/documenti\/\" class=\"elementor-item\">Documenti<\/a><\/li>\n<li class=\"menu-item menu-item-type-post_type menu-item-object-page menu-item-123\"><a href=\"https:\/\/asilonidolabarchettadicarta.it\/index.php\/home\/covid-19\/\" class=\"elementor-item\">COVID 19<\/a><\/li>\n<li class=\"menu-item menu-item-type-post_type menu-item-object-page menu-item-186\"><a href=\"https:\/\/asilonidolabarchettadicarta.it\/index.php\/home\/contatti\/\" class=\"elementor-item\">Contatti<\/a><\/li>\n<\/ul>\t\t\t<\/nav>\n\t\t\t\t\t<div class=\"elementor-menu-toggle\" role=\"button\" tabindex=\"0\" aria-label=\"Menu Toggle\" aria-expanded=\"false\">\n\t\t\t<i aria-hidden=\"true\" role=\"presentation\" class=\"elementor-menu-toggle__icon--open eicon-menu-bar\"><\/i><i aria-hidden=\"true\" role=\"presentation\" class=\"elementor-menu-toggle__icon--close eicon-close\"><\/i>\t\t\t<span class=\"elementor-screen-only\">Menu<\/span>\n\t\t<\/div>\n\t\t\t\t\t<nav class=\"elementor-nav-menu--dropdown elementor-nav-menu__container\" aria-hidden=\"true\">\n\t\t\t\t<ul id=\"menu-2-3fd8ef1f\" class=\"elementor-nav-menu\"><li class=\"menu-item menu-item-type-post_type menu-item-object-page menu-item-home menu-item-94\"><a href=\"https:\/\/asilonidolabarchettadicarta.it\/\" class=\"elementor-item\" tabindex=\"-1\">Home<\/a><\/li>\n<li class=\"menu-item menu-item-type-post_type menu-item-object-page menu-item-104\"><a href=\"https:\/\/asilonidolabarchettadicarta.it\/index.php\/home\/i-nostri-laboratori\/\" class=\"elementor-item\" tabindex=\"-1\">I Nostri Laboratori<\/a><\/li>\n<li class=\"menu-item menu-item-type-post_type menu-item-object-page menu-item-105\"><a href=\"https:\/\/asilonidolabarchettadicarta.it\/index.php\/home\/operatrici\/\" class=\"elementor-item\" tabindex=\"-1\">Operatrici<\/a><\/li>\n<li class=\"menu-item menu-item-type-post_type menu-item-object-page menu-item-139\"><a href=\"https:\/\/asilonidolabarchettadicarta.it\/index.php\/home\/alimentazione\/\" class=\"elementor-item\" tabindex=\"-1\">Alimentazione<\/a><\/li>\n<li class=\"menu-item menu-item-type-post_type menu-item-object-page menu-item-178\"><a href=\"https:\/\/asilonidolabarchettadicarta.it\/index.php\/home\/i-nostri-spazi\/\" class=\"elementor-item\" tabindex=\"-1\">I Nostri Spazi<\/a><\/li>\n<li class=\"menu-item menu-item-type-post_type menu-item-object-page menu-item-220\"><a href=\"https:\/\/asilonidolabarchettadicarta.it\/index.php\/home\/documenti\/\" class=\"elementor-item\" tabindex=\"-1\">Documenti<\/a><\/li>\n<li class=\"menu-item menu-item-type-post_type menu-item-object-page menu-item-123\"><a href=\"https:\/\/asilonidolabarchettadicarta.it\/index.php\/home\/covid-19\/\" class=\"elementor-item\" tabindex=\"-1\">COVID 19<\/a><\/li>\n<li class=\"menu-item menu-item-type-post_type menu-item-object-page menu-item-186\"><a href=\"https:\/\/asilonidolabarchettadicarta.it\/index.php\/home\/contatti\/\" class=\"elementor-item\" tabindex=\"-1\">Contatti<\/a><\/li>\n<\/ul>\t\t\t<\/nav>\n\t\t\t\t<\/div>\n\t\t\t\t<\/div>\n\t\t\t\t\t<\/div>\n\t\t<\/div>\n\t\t\t\t<div class=\"elementor-column elementor-col-33 elementor-top-column elementor-element elementor-element-10ed2219\" data-id=\"10ed2219\" data-element_type=\"column\">\n\t\t\t<div class=\"elementor-widget-wrap elementor-element-populated\">\n\t\t\t\t\t\t<div class=\"elementor-element elementor-element-323a5ecc elementor-shape-circle e-grid-align-right e-grid-align-tablet-right elementor-grid-0 elementor-widget elementor-widget-social-icons\" data-id=\"323a5ecc\" data-element_type=\"widget\" data-widget_type=\"social-icons.default\">\n\t\t\t\t<div class=\"elementor-widget-container\">\n\t\t\t\t\t<div class=\"elementor-social-icons-wrapper elementor-grid\">\n\t\t\t\t\t\t\t<span class=\"elementor-grid-item\">\n\t\t\t\t\t<a class=\"elementor-icon elementor-social-icon elementor-social-icon-facebook-f elementor-repeater-item-oj9fk8m\" href=\"https:\/\/www.facebook.com\/Asilo-Nido-La-Barchetta-di-Carta-271068499993880\/\" target=\"_blank\">\n\t\t\t\t\t\t<span class=\"elementor-screen-only\">Facebook-f<\/span>\n\t\t\t\t\t\t<i class=\"fab fa-facebook-f\"><\/i>\t\t\t\t\t<\/a>\n\t\t\t\t<\/span>\n\t\t\t\t\t\t\t<span class=\"elementor-grid-item\">\n\t\t\t\t\t<a class=\"elementor-icon elementor-social-icon elementor-social-icon-instagram elementor-repeater-item-jyjjyth\" href=\"https:\/\/www.instagram.com\/nidolabarchettadicarta\/\" target=\"_blank\">\n\t\t\t\t\t\t<span class=\"elementor-screen-only\">Instagram<\/span>\n\t\t\t\t\t\t<i class=\"fab fa-instagram\"><\/i>\t\t\t\t\t<\/a>\n\t\t\t\t<\/span>\n\t\t\t\t\t\t\t<span class=\"elementor-grid-item\">\n\t\t\t\t\t<a class=\"elementor-icon elementor-social-icon elementor-social-icon-envelope elementor-repeater-item-aq66v58\" target=\"_blank\">\n\t\t\t\t\t\t<span class=\"elementor-screen-only\">Envelope<\/span>\n\t\t\t\t\t\t<i class=\"fas fa-envelope\"><\/i>\t\t\t\t\t<\/a>\n\t\t\t\t<\/span>\n\t\t\t\t\t<\/div>\n\t\t\t\t<\/div>\n\t\t\t\t<\/div>\n\t\t\t\t\t<\/div>\n\t\t<\/div>\n\t\t\t\t\t<\/div>\n\t\t<\/section>\n\t\t\t\t<section class=\"elementor-section elementor-top-section elementor-element elementor-element-7d54294 elementor-section-height-min-height elementor-section-boxed elementor-section-height-default elementor-section-items-middle\" data-id=\"7d54294\" data-element_type=\"section\" data-settings=\"{&quot;background_background&quot;:&quot;classic&quot;,&quot;shape_divider_bottom&quot;:&quot;arrow&quot;,&quot;shape_divider_bottom_negative&quot;:&quot;yes&quot;}\">\n\t\t\t\t\t\t\t<div class=\"elementor-background-overlay\"><\/div>\n\t\t\t\t\t\t<div class=\"elementor-shape elementor-shape-bottom\" data-negative=\"true\">\n\t\t\t<svg xmlns=\"http:\/\/www.w3.org\/2000\/svg\" viewBox=\"0 0 700 10\" preserveAspectRatio=\"none\">\n\t<path class=\"elementor-shape-fill\" d=\"M360 0L350 9.9 340 0 0 0 0 10 700 10 700 0\"\/>\n<\/svg>\t\t<\/div>\n\t\t\t\t\t<div class=\"elementor-container elementor-column-gap-default\">\n\t\t\t\t\t<div class=\"elementor-column elementor-col-100 elementor-top-column elementor-element elementor-element-ca2f349\" data-id=\"ca2f349\" data-element_type=\"column\">\n\t\t\t<div class=\"elementor-widget-wrap\">\n\t\t\t\t\t\t\t<\/div>\n\t\t<\/div>\n\t\t\t\t\t<\/div>\n\t\t<\/section>\n\t\t\t\t<section class=\"elementor-section elementor-top-section elementor-element elementor-element-61ed1ba elementor-section-content-middle elementor-reverse-mobile elementor-section-boxed elementor-section-height-default elementor-section-height-default\" data-id=\"61ed1ba\" data-element_type=\"section\">\n\t\t\t\t\t\t<div class=\"elementor-container elementor-column-gap-default\">\n\t\t\t\t\t<div class=\"elementor-column elementor-col-50 elementor-top-column elementor-element elementor-element-88a6ca4\" data-id=\"88a6ca4\" data-element_type=\"column\">\n\t\t\t<div class=\"elementor-widget-wrap elementor-element-populated\">\n\t\t\t\t\t\t<div class=\"elementor-element elementor-element-c1f88a5 elementor-widget elementor-widget-heading\" data-id=\"c1f88a5\" data-element_type=\"widget\" data-widget_type=\"heading.default\">\n\t\t\t\t<div class=\"elementor-widget-container\">\n\t\t\t<h3 class=\"elementor-heading-title elementor-size-default\">I NOSTRI SPAZI<\/h3>\t\t<\/div>\n\t\t\t\t<\/div>\n\t\t\t\t<div class=\"elementor-element elementor-element-68ddc84 elementor-widget elementor-widget-text-editor\" data-id=\"68ddc84\" data-element_type=\"widget\" data-widget_type=\"text-editor.default\">\n\t\t\t\t<div class=\"elementor-widget-container\">\n\t\t\t\t\t\t\t<p>L&#8217; orario d&#8217;apertura \u00e8:<\/p><p>dalle 7.30 alle 17.30 dal luned\u00ec al venerd\u00ec\u00a0<\/p><p>12 mesi l&#8217;anno<\/p><p>Iscrizioni aperte tutto l&#8217;anno.<\/p><p>Siamo situati:\u00a0<\/p><p>VIA PASSO 26,30010 CAMPOLONGO MAGGIORE VE<\/p><p>\u00a0<\/p>\t\t\t\t\t\t<\/div>\n\t\t\t\t<\/div>\n\t\t\t\t\t<\/div>\n\t\t<\/div>\n\t\t\t\t<div class=\"elementor-column elementor-col-50 elementor-top-column elementor-element elementor-element-ff4116a\" data-id=\"ff4116a\" data-element_type=\"column\">\n\t\t\t<div class=\"elementor-widget-wrap elementor-element-populated\">\n\t\t\t\t\t\t<div class=\"elementor-element elementor-element-59b950d elementor-arrows-position-inside elementor-pagination-position-outside elementor-widget elementor-widget-image-carousel\" data-id=\"59b950d\" data-element_type=\"widget\" data-settings=\"{&quot;slides_to_show&quot;:&quot;1&quot;,&quot;navigation&quot;:&quot;both&quot;,&quot;autoplay&quot;:&quot;yes&quot;,&quot;pause_on_hover&quot;:&quot;yes&quot;,&quot;pause_on_interaction&quot;:&quot;yes&quot;,&quot;autoplay_speed&quot;:5000,&quot;infinite&quot;:&quot;yes&quot;,&quot;effect&quot;:&quot;slide&quot;,&quot;speed&quot;:500}\" data-widget_type=\"image-carousel.default\">\n\t\t\t\t<div class=\"elementor-widget-container\">\n\t\t\t\t\t<div class=\"elementor-image-carousel-wrapper swiper\" dir=\"ltr\">\n\t\t\t<div class=\"elementor-image-carousel swiper-wrapper\" aria-live=\"off\">\n\t\t\t\t\t\t\t\t<div class=\"swiper-slide\" role=\"group\" aria-roledescription=\"slide\" aria-label=\"1 di 22\"><figure class=\"swiper-slide-inner\"><img decoding=\"async\" class=\"swiper-slide-image\" src=\"https:\/\/asilonidolabarchettadicarta.it\/wp-content\/uploads\/2021\/02\/15be3122-b533-41ec-acff-9bf21450dee2.jpg\" alt=\"15be3122-b533-41ec-acff-9bf21450dee2\" \/><\/figure><\/div><div class=\"swiper-slide\" role=\"group\" aria-roledescription=\"slide\" aria-label=\"2 di 22\"><figure class=\"swiper-slide-inner\"><img decoding=\"async\" class=\"swiper-slide-image\" src=\"https:\/\/asilonidolabarchettadicarta.it\/wp-content\/uploads\/2021\/02\/18194868_303357306764999_6713826761601331734_n.jpg\" alt=\"18194868_303357306764999_6713826761601331734_n\" \/><\/figure><\/div><div class=\"swiper-slide\" role=\"group\" aria-roledescription=\"slide\" aria-label=\"3 di 22\"><figure class=\"swiper-slide-inner\"><img decoding=\"async\" class=\"swiper-slide-image\" src=\"https:\/\/asilonidolabarchettadicarta.it\/wp-content\/uploads\/2021\/02\/18194163_303357126765017_4729131522458132189_n.jpg\" alt=\"18194163_303357126765017_4729131522458132189_n\" \/><\/figure><\/div><div class=\"swiper-slide\" role=\"group\" aria-roledescription=\"slide\" aria-label=\"4 di 22\"><figure class=\"swiper-slide-inner\"><img decoding=\"async\" class=\"swiper-slide-image\" src=\"https:\/\/asilonidolabarchettadicarta.it\/wp-content\/uploads\/2021\/02\/18193837_303357136765016_5868886183642564124_n.jpg\" alt=\"18193837_303357136765016_5868886183642564124_n\" \/><\/figure><\/div><div class=\"swiper-slide\" role=\"group\" aria-roledescription=\"slide\" aria-label=\"5 di 22\"><figure class=\"swiper-slide-inner\"><img decoding=\"async\" class=\"swiper-slide-image\" src=\"https:\/\/asilonidolabarchettadicarta.it\/wp-content\/uploads\/2021\/02\/18157709_303357216765008_5865657439655266648_n.jpg\" alt=\"18157709_303357216765008_5865657439655266648_n\" \/><\/figure><\/div><div class=\"swiper-slide\" role=\"group\" aria-roledescription=\"slide\" aria-label=\"6 di 22\"><figure class=\"swiper-slide-inner\"><img decoding=\"async\" class=\"swiper-slide-image\" src=\"https:\/\/asilonidolabarchettadicarta.it\/wp-content\/uploads\/2021\/02\/18157303_303357106765019_1089896032072806182_n.jpg\" alt=\"18157303_303357106765019_1089896032072806182_n\" \/><\/figure><\/div><div class=\"swiper-slide\" role=\"group\" aria-roledescription=\"slide\" aria-label=\"7 di 22\"><figure class=\"swiper-slide-inner\"><img decoding=\"async\" class=\"swiper-slide-image\" src=\"https:\/\/asilonidolabarchettadicarta.it\/wp-content\/uploads\/2021\/02\/18157279_303241883443208_1179160736528917841_n.jpg\" alt=\"18157279_303241883443208_1179160736528917841_n\" \/><\/figure><\/div><div class=\"swiper-slide\" role=\"group\" aria-roledescription=\"slide\" aria-label=\"8 di 22\"><figure class=\"swiper-slide-inner\"><img decoding=\"async\" class=\"swiper-slide-image\" src=\"https:\/\/asilonidolabarchettadicarta.it\/wp-content\/uploads\/2021\/02\/18119320_303241843443212_3107551486340154776_n.jpg\" alt=\"18119320_303241843443212_3107551486340154776_n\" \/><\/figure><\/div><div class=\"swiper-slide\" role=\"group\" aria-roledescription=\"slide\" aria-label=\"9 di 22\"><figure class=\"swiper-slide-inner\"><img decoding=\"async\" class=\"swiper-slide-image\" src=\"https:\/\/asilonidolabarchettadicarta.it\/wp-content\/uploads\/2021\/02\/18119225_303357146765015_7101115872158072257_n.jpg\" alt=\"18119225_303357146765015_7101115872158072257_n\" \/><\/figure><\/div><div class=\"swiper-slide\" role=\"group\" aria-roledescription=\"slide\" aria-label=\"10 di 22\"><figure class=\"swiper-slide-inner\"><img decoding=\"async\" class=\"swiper-slide-image\" src=\"https:\/\/asilonidolabarchettadicarta.it\/wp-content\/uploads\/2021\/02\/18118987_303357163431680_5432832116230572356_n.jpg\" alt=\"18118987_303357163431680_5432832116230572356_n\" \/><\/figure><\/div><div class=\"swiper-slide\" role=\"group\" aria-roledescription=\"slide\" aria-label=\"11 di 22\"><figure class=\"swiper-slide-inner\"><img decoding=\"async\" class=\"swiper-slide-image\" src=\"https:\/\/asilonidolabarchettadicarta.it\/wp-content\/uploads\/2021\/02\/18118932_303357180098345_2916892955527184342_n.jpg\" alt=\"18118932_303357180098345_2916892955527184342_n\" \/><\/figure><\/div><div class=\"swiper-slide\" role=\"group\" aria-roledescription=\"slide\" aria-label=\"12 di 22\"><figure class=\"swiper-slide-inner\"><img decoding=\"async\" class=\"swiper-slide-image\" src=\"https:\/\/asilonidolabarchettadicarta.it\/wp-content\/uploads\/2021\/02\/18118745_303357116765018_9116405685433018222_n.jpg\" alt=\"18118745_303357116765018_9116405685433018222_n\" \/><\/figure><\/div><div class=\"swiper-slide\" role=\"group\" aria-roledescription=\"slide\" aria-label=\"13 di 22\"><figure class=\"swiper-slide-inner\"><img decoding=\"async\" class=\"swiper-slide-image\" src=\"https:\/\/asilonidolabarchettadicarta.it\/wp-content\/uploads\/2021\/02\/18118714_303357263431670_6254303313608345619_n.jpg\" alt=\"18118714_303357263431670_6254303313608345619_n\" \/><\/figure><\/div><div class=\"swiper-slide\" role=\"group\" aria-roledescription=\"slide\" aria-label=\"14 di 22\"><figure class=\"swiper-slide-inner\"><img decoding=\"async\" class=\"swiper-slide-image\" src=\"https:\/\/asilonidolabarchettadicarta.it\/wp-content\/uploads\/2021\/02\/18118474_303241840109879_6461744937875434126_n.jpg\" alt=\"18118474_303241840109879_6461744937875434126_n\" \/><\/figure><\/div><div class=\"swiper-slide\" role=\"group\" aria-roledescription=\"slide\" aria-label=\"15 di 22\"><figure class=\"swiper-slide-inner\"><img decoding=\"async\" class=\"swiper-slide-image\" src=\"https:\/\/asilonidolabarchettadicarta.it\/wp-content\/uploads\/2021\/02\/18058055_303357210098342_2682216613163653922_n.jpg\" alt=\"18058055_303357210098342_2682216613163653922_n\" \/><\/figure><\/div><div class=\"swiper-slide\" role=\"group\" aria-roledescription=\"slide\" aria-label=\"16 di 22\"><figure class=\"swiper-slide-inner\"><img decoding=\"async\" class=\"swiper-slide-image\" src=\"https:\/\/asilonidolabarchettadicarta.it\/wp-content\/uploads\/2021\/02\/18057872_303357276765002_8336922949566358261_n.jpg\" alt=\"18057872_303357276765002_8336922949566358261_n\" \/><\/figure><\/div><div class=\"swiper-slide\" role=\"group\" aria-roledescription=\"slide\" aria-label=\"17 di 22\"><figure class=\"swiper-slide-inner\"><img decoding=\"async\" class=\"swiper-slide-image\" src=\"https:\/\/asilonidolabarchettadicarta.it\/wp-content\/uploads\/2021\/02\/18056885_303241803443216_735060761375438002_n.jpg\" alt=\"18056885_303241803443216_735060761375438002_n\" \/><\/figure><\/div><div class=\"swiper-slide\" role=\"group\" aria-roledescription=\"slide\" aria-label=\"18 di 22\"><figure class=\"swiper-slide-inner\"><img decoding=\"async\" class=\"swiper-slide-image\" src=\"https:\/\/asilonidolabarchettadicarta.it\/wp-content\/uploads\/2021\/02\/18056869_303241856776544_4311460582162877668_n.jpg\" alt=\"18056869_303241856776544_4311460582162877668_n\" \/><\/figure><\/div><div class=\"swiper-slide\" role=\"group\" aria-roledescription=\"slide\" aria-label=\"19 di 22\"><figure class=\"swiper-slide-inner\"><img decoding=\"async\" class=\"swiper-slide-image\" src=\"https:\/\/asilonidolabarchettadicarta.it\/wp-content\/uploads\/2021\/02\/18056823_303241793443217_4451302557174980361_n.jpg\" alt=\"18056823_303241793443217_4451302557174980361_n\" \/><\/figure><\/div><div class=\"swiper-slide\" role=\"group\" aria-roledescription=\"slide\" aria-label=\"20 di 22\"><figure class=\"swiper-slide-inner\"><img decoding=\"async\" class=\"swiper-slide-image\" src=\"https:\/\/asilonidolabarchettadicarta.it\/wp-content\/uploads\/2021\/02\/18056765_303241853443211_2379770419969866464_n.jpg\" alt=\"18056765_303241853443211_2379770419969866464_n\" \/><\/figure><\/div><div class=\"swiper-slide\" role=\"group\" aria-roledescription=\"slide\" aria-label=\"21 di 22\"><figure class=\"swiper-slide-inner\"><img decoding=\"async\" class=\"swiper-slide-image\" src=\"https:\/\/asilonidolabarchettadicarta.it\/wp-content\/uploads\/2021\/02\/17992249_303357200098343_5137990827037430379_n.jpg\" alt=\"17992249_303357200098343_5137990827037430379_n\" \/><\/figure><\/div><div class=\"swiper-slide\" role=\"group\" aria-roledescription=\"slide\" aria-label=\"22 di 22\"><figure class=\"swiper-slide-inner\"><img decoding=\"async\" class=\"swiper-slide-image\" src=\"https:\/\/asilonidolabarchettadicarta.it\/wp-content\/uploads\/2021\/02\/17990673_303241830109880_8146787058732013915_n.jpg\" alt=\"17990673_303241830109880_8146787058732013915_n\" \/><\/figure><\/div>\t\t\t<\/div>\n\t\t\t\t\t\t\t\t\t\t\t\t<div class=\"elementor-swiper-button elementor-swiper-button-prev\" role=\"button\" tabindex=\"0\">\n\t\t\t\t\t\t<i aria-hidden=\"true\" class=\"eicon-chevron-left\"><\/i>\t\t\t\t\t<\/div>\n\t\t\t\t\t<div class=\"elementor-swiper-button elementor-swiper-button-next\" role=\"button\" tabindex=\"0\">\n\t\t\t\t\t\t<i aria-hidden=\"true\" class=\"eicon-chevron-right\"><\/i>\t\t\t\t\t<\/div>\n\t\t\t\t\n\t\t\t\t\t\t\t\t\t<div class=\"swiper-pagination\"><\/div>\n\t\t\t\t\t\t\t\t\t<\/div>\n\t\t\t\t<\/div>\n\t\t\t\t<\/div>\n\t\t\t\t\t<\/div>\n\t\t<\/div>\n\t\t\t\t\t<\/div>\n\t\t<\/section>\n\t\t\t\t<section class=\"elementor-section elementor-top-section elementor-element elementor-element-61f3ebe4 elementor-section-boxed elementor-section-height-default elementor-section-height-default\" data-id=\"61f3ebe4\" data-element_type=\"section\" data-settings=\"{&quot;background_background&quot;:&quot;gradient&quot;,&quot;shape_divider_bottom&quot;:&quot;arrow&quot;,&quot;shape_divider_bottom_negative&quot;:&quot;yes&quot;}\">\n\t\t\t\t\t<div class=\"elementor-shape elementor-shape-bottom\" data-negative=\"true\">\n\t\t\t<svg xmlns=\"http:\/\/www.w3.org\/2000\/svg\" viewBox=\"0 0 700 10\" preserveAspectRatio=\"none\">\n\t<path class=\"elementor-shape-fill\" d=\"M360 0L350 9.9 340 0 0 0 0 10 700 10 700 0\"\/>\n<\/svg>\t\t<\/div>\n\t\t\t\t\t<div class=\"elementor-container elementor-column-gap-default\">\n\t\t\t\t\t<div class=\"elementor-column elementor-col-100 elementor-top-column elementor-element elementor-element-68c0ae0a\" data-id=\"68c0ae0a\" data-element_type=\"column\">\n\t\t\t<div class=\"elementor-widget-wrap elementor-element-populated\">\n\t\t\t\t\t\t<div class=\"elementor-element elementor-element-7b2b5577 elementor-widget elementor-widget-heading\" data-id=\"7b2b5577\" data-element_type=\"widget\" data-widget_type=\"heading.default\">\n\t\t\t\t<div class=\"elementor-widget-container\">\n\t\t\t<h3 class=\"elementor-heading-title elementor-size-default\">Asilo Nido Certificato<br>Dal Comune Di Campolongo Maggiore <\/h3>\t\t<\/div>\n\t\t\t\t<\/div>\n\t\t\t\t<div class=\"elementor-element elementor-element-6a642430 elementor-widget elementor-widget-text-editor\" data-id=\"6a642430\" data-element_type=\"widget\" data-widget_type=\"text-editor.default\">\n\t\t\t\t<div class=\"elementor-widget-container\">\n\t\t\t\t\t\t\t<p>Questo asilo nido prevede il contributo della regione veneto per tutte le famiglie, potete informarvi al Link sottostante:\u00a0<\/p><p><a href=\"http:\/\/www.regione.veneto.it\/web\/rete-degli-urp-del-veneto\/servizi-per-infanzia-attivazione#asilo_nido\">Regione Veneto<\/a><\/p><p><img decoding=\"async\" class=\"size-medium wp-image-52 aligncenter\" src=\"https:\/\/asilonidolabarchettadicarta.it\/wp-content\/uploads\/2019\/10\/Logo-Regione-Veneto-16-9-trasparente-1170x520-300x133.png\" alt=\"\" width=\"300\" height=\"133\" srcset=\"https:\/\/asilonidolabarchettadicarta.it\/wp-content\/uploads\/2019\/10\/Logo-Regione-Veneto-16-9-trasparente-1170x520-300x133.png 300w, https:\/\/asilonidolabarchettadicarta.it\/wp-content\/uploads\/2019\/10\/Logo-Regione-Veneto-16-9-trasparente-1170x520-768x341.png 768w, https:\/\/asilonidolabarchettadicarta.it\/wp-content\/uploads\/2019\/10\/Logo-Regione-Veneto-16-9-trasparente-1170x520-1024x455.png 1024w, https:\/\/asilonidolabarchettadicarta.it\/wp-content\/uploads\/2019\/10\/Logo-Regione-Veneto-16-9-trasparente-1170x520.png 1170w\" sizes=\"(max-width: 300px) 100vw, 300px\" \/><\/p><p>\u00a0<\/p>\t\t\t\t\t\t<\/div>\n\t\t\t\t<\/div>\n\t\t\t\t\t<\/div>\n\t\t<\/div>\n\t\t\t\t\t<\/div>\n\t\t<\/section>\n\t\t\t\t<\/div>\n\t\t","protected":false},"excerpt":{"rendered":"<p>Facebook-f Instagram Envelope I NOSTRI SPAZI L&#8217; orario d&#8217;apertura \u00e8: dalle 7.30 alle 17.30 dal luned\u00ec al venerd\u00ec\u00a0 12 mesi l&#8217;anno Iscrizioni aperte tutto l&#8217;anno. Siamo situati:\u00a0 VIA PASSO 26,30010 CAMPOLONGO MAGGIORE VE \u00a0 Precedente Successivo Asilo Nido CertificatoDal Comune Di Campolongo Maggiore Questo asilo nido prevede il contributo della regione veneto per tutte le [&hellip;]<\/p>\n","protected":false},"author":2,"featured_media":0,"parent":14,"menu_order":0,"comment_status":"closed","ping_status":"closed","template":"elementor_canvas","meta":{"footnotes":""},"class_list":["post-151","page","type-page","status-publish","hentry","entry"],"aioseo_notices":[],"_links":{"self":[{"href":"https:\/\/asilonidolabarchettadicarta.it\/index.php\/wp-json\/wp\/v2\/pages\/151"}],"collection":[{"href":"https:\/\/asilonidolabarchettadicarta.it\/index.php\/wp-json\/wp\/v2\/pages"}],"about":[{"href":"https:\/\/asilonidolabarchettadicarta.it\/index.php\/wp-json\/wp\/v2\/types\/page"}],"author":[{"embeddable":true,"href":"https:\/\/asilonidolabarchettadicarta.it\/index.php\/wp-json\/wp\/v2\/users\/2"}],"replies":[{"embeddable":true,"href":"https:\/\/asilonidolabarchettadicarta.it\/index.php\/wp-json\/wp\/v2\/comments?post=151"}],"version-history":[{"count":10,"href":"https:\/\/asilonidolabarchettadicarta.it\/index.php\/wp-json\/wp\/v2\/pages\/151\/revisions"}],"predecessor-version":[{"id":260,"href":"https:\/\/asilonidolabarchettadicarta.it\/index.php\/wp-json\/wp\/v2\/pages\/151\/revisions\/260"}],"up":[{"embeddable":true,"href":"https:\/\/asilonidolabarchettadicarta.it\/index.php\/wp-json\/wp\/v2\/pages\/14"}],"wp:attachment":[{"href":"https:\/\/asilonidolabarchettadicarta.it\/index.php\/wp-json\/wp\/v2\/media?parent=151"}],"curies":[{"name":"wp","href":"https:\/\/api.w.org\/{rel}","templated":true}]}}